{"id":804,"date":"2019-01-17T15:29:17","date_gmt":"2019-01-17T14:29:17","guid":{"rendered":"https:\/\/www.cheminsdorient.com\/?post_type=product&#038;p=804"},"modified":"2026-04-08T02:30:41","modified_gmt":"2026-04-08T00:30:41","slug":"coiffe-traditionnelle-de-malaisie","status":"publish","type":"product","link":"https:\/\/www.cheminsdorient.com\/index.php\/produit\/coiffe-traditionnelle-de-malaisie\/","title":{"rendered":"Coiffe traditionnelle de Malaisie"},"content":{"rendered":"\n<p>Coiffe traditionnelle de Malaisie <\/p>\n\n\n\n<p><br> Origine : Born\u00e9o, Malaisie, Indon\u00e9sie <br> \u00c9poque : XX\u00e8me si\u00e8cle<br> Mati\u00e8re : Poils, perles, bois <br> Dimensions : H 37 cm, diam\u00e8tre 20 cm<br> Poids :  350 g<\/p>\n\n\n\n<p><br> Cette coiffe sp\u00e9ciale est utilis\u00e9e chez les Orang Ulu, pour les c\u00e9r\u00e9monies de danse traditionnelle ou lors d&rsquo;une c\u00e9r\u00e9monie de mariage pour les hommes, qui repr\u00e9sente le vrai guerrier. Il est d\u00e9cor\u00e9 de perles anciennes et de poils de ch\u00e8vre mont\u00e9 sur un cadre en vannerie.<br> Les Orang Ulu (en malais gens de l&rsquo;amont de la rivi\u00e8re) est le nom donn\u00e9 \u00e0 un groupe d&rsquo;ethnies de l&rsquo;\u00eele de Born\u00e9o et install\u00e9es dans l&rsquo;\u00c9tat de Sarawak (Malaisie). Cette appellation regroupe les populations indig\u00e8nes vivant sur le cours sup\u00e9rieur des fleuves de l\u2019\u00c9tat ou sur les hauts plateaux des massifs montagneux situ\u00e9s au centre de Born\u00e9o.<\/p>\n\n\n\n<p>Traditional headdress of Malaysia<br>\nOrigin: Borneo, Malaysia, Indonesia<br>\nPeriod: 20th century<br>\nMaterial: Hair, pearls, wood<br>\nDimensions: H 37 cm, diameter 20 cm<br>\nWeight: 350 g<br>\nThis special headdress is used at Orang Ulu, for traditional dance ceremonies or at a wedding ceremony for men, which represents the real warrior. It is decorated with old pearls and goat hair mounted on a basketry frame.<br>\nThe Orang Ulu (Malay people upstream of the river) is the name given to a group of ethnic groups from the island of Borneo and settled in the state of Sarawak (Malaysia). The name includes indigenous populations living in the upper reaches of the state&rsquo;s rivers or in the high plateaus of mountain ranges in central Borneo.<\/p>\n\n\n\n<p><\/p>\n","protected":false},"excerpt":{"rendered":"<p>Tr\u00e8s belle coiffe traditionnelle de Orang Ulu en Malaisie<\/p>\n","protected":false},"featured_media":805,"comment_status":"open","ping_status":"closed","template":"","meta":[],"product_brand":[],"product_cat":[59,34,48,38],"product_tag":[],"class_list":{"0":"post-804","1":"product","2":"type-product","3":"status-publish","4":"has-post-thumbnail","6":"product_cat-malaisie","7":"product_cat-deco","8":"product_cat-objets-deco","9":"product_cat-pays","11":"first","12":"instock","13":"taxable","14":"shipping-taxable","15":"purchasable","16":"product-type-simple"},"jetpack_sharing_enabled":true,"jetpack-related-posts":[{"id":554,"url":"https:\/\/www.cheminsdorient.com\/index.php\/produit\/magnifique-krishna-bronze\/","url_meta":{"origin":804,"position":0},"title":"Magnifique Krishna en bronze","author":"Benmaud","date":"26 novembre 2017","format":false,"excerpt":"Magnifique Krishna en bronze","rel":"","context":"Article similaire","block_context":{"text":"Article similaire","link":""},"img":{"alt_text":"krishna","src":"https:\/\/i0.wp.com\/www.cheminsdorient.com\/wp-content\/uploads\/2017\/11\/MG_8845_1.jpg?fit=800%2C1200&ssl=1&resize=350%2C200","width":350,"height":200,"srcset":"https:\/\/i0.wp.com\/www.cheminsdorient.com\/wp-content\/uploads\/2017\/11\/MG_8845_1.jpg?fit=800%2C1200&ssl=1&resize=350%2C200 1x, https:\/\/i0.wp.com\/www.cheminsdorient.com\/wp-content\/uploads\/2017\/11\/MG_8845_1.jpg?fit=800%2C1200&ssl=1&resize=525%2C300 1.5x, https:\/\/i0.wp.com\/www.cheminsdorient.com\/wp-content\/uploads\/2017\/11\/MG_8845_1.jpg?fit=800%2C1200&ssl=1&resize=700%2C400 2x"},"classes":[]},{"id":784,"url":"https:\/\/www.cheminsdorient.com\/index.php\/produit\/peigne-ornemental-en-ecaille-de-tortue-indonesie\/","url_meta":{"origin":804,"position":1},"title":"Peigne ornemental en \u00e9caille de tortue  &#8211; Indon\u00e9sie","author":"Benmaud","date":"17 janvier 2019","format":false,"excerpt":"Peigne ornemental en \u00e9caille de tortue de l'\u00eele de Sumba en Indon\u00e9sie\u00a0","rel":"","context":"Article similaire","block_context":{"text":"Article similaire","link":""},"img":{"alt_text":"","src":"https:\/\/i0.wp.com\/www.cheminsdorient.com\/wp-content\/uploads\/2019\/01\/DSCN2379_resultat.jpg?fit=600%2C799&ssl=1&resize=350%2C200","width":350,"height":200,"srcset":"https:\/\/i0.wp.com\/www.cheminsdorient.com\/wp-content\/uploads\/2019\/01\/DSCN2379_resultat.jpg?fit=600%2C799&ssl=1&resize=350%2C200 1x, https:\/\/i0.wp.com\/www.cheminsdorient.com\/wp-content\/uploads\/2019\/01\/DSCN2379_resultat.jpg?fit=600%2C799&ssl=1&resize=525%2C300 1.5x"},"classes":[]},{"id":792,"url":"https:\/\/www.cheminsdorient.com\/index.php\/produit\/collier-de-ceremonie-papou\/","url_meta":{"origin":804,"position":2},"title":"COLLIER DE CEREMONIE PAPOU","author":"Benmaud","date":"17 janvier 2019","format":false,"excerpt":"Collier de c\u00e9r\u00e9monie papou avec t\u00eate de casoar","rel":"","context":"Article similaire","block_context":{"text":"Article similaire","link":""},"img":{"alt_text":"","src":"https:\/\/i0.wp.com\/www.cheminsdorient.com\/wp-content\/uploads\/2019\/01\/DSCN2385_resultat.jpg?fit=600%2C791&ssl=1&resize=350%2C200","width":350,"height":200,"srcset":"https:\/\/i0.wp.com\/www.cheminsdorient.com\/wp-content\/uploads\/2019\/01\/DSCN2385_resultat.jpg?fit=600%2C791&ssl=1&resize=350%2C200 1x, https:\/\/i0.wp.com\/www.cheminsdorient.com\/wp-content\/uploads\/2019\/01\/DSCN2385_resultat.jpg?fit=600%2C791&ssl=1&resize=525%2C300 1.5x"},"classes":[]}],"jetpack_likes_enabled":true,"_links":{"self":[{"href":"https:\/\/www.cheminsdorient.com\/index.php\/wp-json\/wp\/v2\/product\/804","targetHints":{"allow":["GET"]}}],"collection":[{"href":"https:\/\/www.cheminsdorient.com\/index.php\/wp-json\/wp\/v2\/product"}],"about":[{"href":"https:\/\/www.cheminsdorient.com\/index.php\/wp-json\/wp\/v2\/types\/product"}],"replies":[{"embeddable":true,"href":"https:\/\/www.cheminsdorient.com\/index.php\/wp-json\/wp\/v2\/comments?post=804"}],"wp:featuredmedia":[{"embeddable":true,"href":"https:\/\/www.cheminsdorient.com\/index.php\/wp-json\/wp\/v2\/media\/805"}],"wp:attachment":[{"href":"https:\/\/www.cheminsdorient.com\/index.php\/wp-json\/wp\/v2\/media?parent=804"}],"wp:term":[{"taxonomy":"product_brand","embeddable":true,"href":"https:\/\/www.cheminsdorient.com\/index.php\/wp-json\/wp\/v2\/product_brand?post=804"},{"taxonomy":"product_cat","embeddable":true,"href":"https:\/\/www.cheminsdorient.com\/index.php\/wp-json\/wp\/v2\/product_cat?post=804"},{"taxonomy":"product_tag","embeddable":true,"href":"https:\/\/www.cheminsdorient.com\/index.php\/wp-json\/wp\/v2\/product_tag?post=804"}],"curies":[{"name":"wp","href":"https:\/\/api.w.org\/{rel}","templated":true}]}}