{"id":776,"date":"2019-01-15T17:16:37","date_gmt":"2019-01-15T16:16:37","guid":{"rendered":"https:\/\/www.cheminsdorient.com\/?post_type=product&#038;p=776"},"modified":"2019-01-17T11:38:25","modified_gmt":"2019-01-17T10:38:25","slug":"chine-xxe-paire-de-chiens-de-fo-en-jade","status":"publish","type":"product","link":"https:\/\/www.cheminsdorient.com\/index.php\/produit\/chine-xxe-paire-de-chiens-de-fo-en-jade\/","title":{"rendered":"Chine, XXe, Paire de chiens de F\u00f4 en jade"},"content":{"rendered":"<p>Paire de chiens de F\u00f4 en jade<\/p>\n<p>Dimensions : 12.5 x 7.5 x 5 cm<br \/>\nOrigine: chine<br \/>\n\u00c9poque : XXe si\u00e8cles<br \/>\nMati\u00e8re : Jade<br \/>\nPoids : 1600 g<\/p>\n<p>Les chiens de f\u00f4 sont \u00e9galement appel\u00e9s des lions gardiens<br \/>\nLes statues de chien de F\u00f4 se situent traditionnellement devant les palais chinois, les tombes imp\u00e9riales, les b\u00e2timents administratifs, les temples, les r\u00e9sidences des officiels et des classes ais\u00e9es depuis la dynastie Han (206 av. J.-C. &#8211; 220 ap. J.-C.). On pensait qu&rsquo;ils \u00e9taient dot\u00e9s de pouvoirs protecteurs. Ils apparaissent aussi dans d&rsquo;autres contextes artistiques, par exemple sur des heurtoirs et en poterie. Les paires de statues de chiens de F\u00f4 sont encore aujourd&rsquo;hui des \u00e9l\u00e9ments d\u00e9coratifs et symboliques.<\/p>\n<p>&nbsp;<\/p>\n<p>Pair of F\u00f4 dogs in jade<\/p>\n<p>Dimensions: 12.5 x 7.5 x 5 cm<br \/>\nOrigin: China<br \/>\nPeriod: 20th century<br \/>\nMaterial: Jade<br \/>\nWeight: 1600 g<\/p>\n<p>The fon dogs are also called guardian lions<br \/>\nF\u00f4 dog statues are traditionally located in front of Chinese palaces, imperial tombs, administrative buildings, temples, residences of officials and wealthy classes since the Han Dynasty (206 BC &#8211; 220 AD). BC). We thought they had protective powers. They also appear in other artistic contexts, for example knockers and pottery. The pairs of dog statues of F\u00f4 are still today decorative and symbolic elements.<\/p>\n","protected":false},"excerpt":{"rendered":"<p>Tres belle paire de chien de F\u00f4 &#8211; Lions gardien<\/p>\n","protected":false},"featured_media":777,"comment_status":"open","ping_status":"closed","template":"","meta":[],"product_brand":[],"product_cat":[34,45,38,42,47],"product_tag":[],"class_list":{"0":"post-776","1":"product","2":"type-product","3":"status-publish","4":"has-post-thumbnail","6":"product_cat-deco","7":"product_cat-statues","8":"product_cat-pays","9":"product_cat-indonesie","10":"product_cat-papouasie","12":"first","13":"instock","14":"taxable","15":"shipping-taxable","16":"purchasable","17":"product-type-simple"},"jetpack_sharing_enabled":true,"jetpack-related-posts":[{"id":554,"url":"https:\/\/www.cheminsdorient.com\/index.php\/produit\/magnifique-krishna-bronze\/","url_meta":{"origin":776,"position":0},"title":"Magnifique Krishna en bronze","author":"Benmaud","date":"26 novembre 2017","format":false,"excerpt":"Magnifique Krishna en bronze","rel":"","context":"Article similaire","block_context":{"text":"Article similaire","link":""},"img":{"alt_text":"krishna","src":"https:\/\/i0.wp.com\/www.cheminsdorient.com\/wp-content\/uploads\/2017\/11\/MG_8845_1.jpg?fit=800%2C1200&ssl=1&resize=350%2C200","width":350,"height":200,"srcset":"https:\/\/i0.wp.com\/www.cheminsdorient.com\/wp-content\/uploads\/2017\/11\/MG_8845_1.jpg?fit=800%2C1200&ssl=1&resize=350%2C200 1x, https:\/\/i0.wp.com\/www.cheminsdorient.com\/wp-content\/uploads\/2017\/11\/MG_8845_1.jpg?fit=800%2C1200&ssl=1&resize=525%2C300 1.5x, https:\/\/i0.wp.com\/www.cheminsdorient.com\/wp-content\/uploads\/2017\/11\/MG_8845_1.jpg?fit=800%2C1200&ssl=1&resize=700%2C400 2x"},"classes":[]},{"id":804,"url":"https:\/\/www.cheminsdorient.com\/index.php\/produit\/coiffe-traditionnelle-de-malaisie\/","url_meta":{"origin":776,"position":1},"title":"Coiffe traditionnelle de Malaisie","author":"Benmaud","date":"17 janvier 2019","format":false,"excerpt":"Tr\u00e8s belle coiffe traditionnelle de Orang Ulu en Malaisie","rel":"","context":"Article similaire","block_context":{"text":"Article similaire","link":""},"img":{"alt_text":"","src":"https:\/\/i0.wp.com\/www.cheminsdorient.com\/wp-content\/uploads\/2019\/01\/DSCN2394_resultat.jpg?fit=600%2C776&ssl=1&resize=350%2C200","width":350,"height":200,"srcset":"https:\/\/i0.wp.com\/www.cheminsdorient.com\/wp-content\/uploads\/2019\/01\/DSCN2394_resultat.jpg?fit=600%2C776&ssl=1&resize=350%2C200 1x, https:\/\/i0.wp.com\/www.cheminsdorient.com\/wp-content\/uploads\/2019\/01\/DSCN2394_resultat.jpg?fit=600%2C776&ssl=1&resize=525%2C300 1.5x"},"classes":[]},{"id":784,"url":"https:\/\/www.cheminsdorient.com\/index.php\/produit\/peigne-ornemental-en-ecaille-de-tortue-indonesie\/","url_meta":{"origin":776,"position":2},"title":"Peigne ornemental en \u00e9caille de tortue  &#8211; Indon\u00e9sie","author":"Benmaud","date":"17 janvier 2019","format":false,"excerpt":"Peigne ornemental en \u00e9caille de tortue de l'\u00eele de Sumba en Indon\u00e9sie\u00a0","rel":"","context":"Article similaire","block_context":{"text":"Article similaire","link":""},"img":{"alt_text":"","src":"https:\/\/i0.wp.com\/www.cheminsdorient.com\/wp-content\/uploads\/2019\/01\/DSCN2379_resultat.jpg?fit=600%2C799&ssl=1&resize=350%2C200","width":350,"height":200,"srcset":"https:\/\/i0.wp.com\/www.cheminsdorient.com\/wp-content\/uploads\/2019\/01\/DSCN2379_resultat.jpg?fit=600%2C799&ssl=1&resize=350%2C200 1x, https:\/\/i0.wp.com\/www.cheminsdorient.com\/wp-content\/uploads\/2019\/01\/DSCN2379_resultat.jpg?fit=600%2C799&ssl=1&resize=525%2C300 1.5x"},"classes":[]},{"id":792,"url":"https:\/\/www.cheminsdorient.com\/index.php\/produit\/collier-de-ceremonie-papou\/","url_meta":{"origin":776,"position":3},"title":"COLLIER DE CEREMONIE PAPOU","author":"Benmaud","date":"17 janvier 2019","format":false,"excerpt":"Collier de c\u00e9r\u00e9monie papou avec t\u00eate de casoar","rel":"","context":"Article similaire","block_context":{"text":"Article similaire","link":""},"img":{"alt_text":"","src":"https:\/\/i0.wp.com\/www.cheminsdorient.com\/wp-content\/uploads\/2019\/01\/DSCN2385_resultat.jpg?fit=600%2C791&ssl=1&resize=350%2C200","width":350,"height":200,"srcset":"https:\/\/i0.wp.com\/www.cheminsdorient.com\/wp-content\/uploads\/2019\/01\/DSCN2385_resultat.jpg?fit=600%2C791&ssl=1&resize=350%2C200 1x, https:\/\/i0.wp.com\/www.cheminsdorient.com\/wp-content\/uploads\/2019\/01\/DSCN2385_resultat.jpg?fit=600%2C791&ssl=1&resize=525%2C300 1.5x"},"classes":[]},{"id":813,"url":"https:\/\/www.cheminsdorient.com\/index.php\/produit\/tete-de-cheval-sculptee-en-bois-du-timor\/","url_meta":{"origin":776,"position":4},"title":"T\u00eate de cheval sculpt\u00e9e en bois du Timor","author":"Benmaud","date":"17 janvier 2019","format":false,"excerpt":"Art premier du timor. Tr\u00e8s belle t\u00eate de cheval en bois.","rel":"","context":"Article similaire","block_context":{"text":"Article similaire","link":""},"img":{"alt_text":"","src":"https:\/\/i0.wp.com\/www.cheminsdorient.com\/wp-content\/uploads\/2019\/01\/cheval-en-bois-du-timor_7.jpg?fit=600%2C776&ssl=1&resize=350%2C200","width":350,"height":200,"srcset":"https:\/\/i0.wp.com\/www.cheminsdorient.com\/wp-content\/uploads\/2019\/01\/cheval-en-bois-du-timor_7.jpg?fit=600%2C776&ssl=1&resize=350%2C200 1x, https:\/\/i0.wp.com\/www.cheminsdorient.com\/wp-content\/uploads\/2019\/01\/cheval-en-bois-du-timor_7.jpg?fit=600%2C776&ssl=1&resize=525%2C300 1.5x"},"classes":[]}],"jetpack_likes_enabled":true,"_links":{"self":[{"href":"https:\/\/www.cheminsdorient.com\/index.php\/wp-json\/wp\/v2\/product\/776","targetHints":{"allow":["GET"]}}],"collection":[{"href":"https:\/\/www.cheminsdorient.com\/index.php\/wp-json\/wp\/v2\/product"}],"about":[{"href":"https:\/\/www.cheminsdorient.com\/index.php\/wp-json\/wp\/v2\/types\/product"}],"replies":[{"embeddable":true,"href":"https:\/\/www.cheminsdorient.com\/index.php\/wp-json\/wp\/v2\/comments?post=776"}],"wp:featuredmedia":[{"embeddable":true,"href":"https:\/\/www.cheminsdorient.com\/index.php\/wp-json\/wp\/v2\/media\/777"}],"wp:attachment":[{"href":"https:\/\/www.cheminsdorient.com\/index.php\/wp-json\/wp\/v2\/media?parent=776"}],"wp:term":[{"taxonomy":"product_brand","embeddable":true,"href":"https:\/\/www.cheminsdorient.com\/index.php\/wp-json\/wp\/v2\/product_brand?post=776"},{"taxonomy":"product_cat","embeddable":true,"href":"https:\/\/www.cheminsdorient.com\/index.php\/wp-json\/wp\/v2\/product_cat?post=776"},{"taxonomy":"product_tag","embeddable":true,"href":"https:\/\/www.cheminsdorient.com\/index.php\/wp-json\/wp\/v2\/product_tag?post=776"}],"curies":[{"name":"wp","href":"https:\/\/api.w.org\/{rel}","templated":true}]}}