{"id":755,"date":"2019-01-15T16:00:15","date_gmt":"2019-01-15T15:00:15","guid":{"rendered":"https:\/\/www.cheminsdorient.com\/?post_type=product&#038;p=755"},"modified":"2019-01-15T16:00:15","modified_gmt":"2019-01-15T15:00:15","slug":"boite-a-tatouages-complete-de-birmanie-tres-rare","status":"publish","type":"product","link":"https:\/\/www.cheminsdorient.com\/index.php\/produit\/boite-a-tatouages-complete-de-birmanie-tres-rare\/","title":{"rendered":"Boite \u00e0 tatouages  compl\u00e8te de Birmanie tr\u00e8s rare"},"content":{"rendered":"<p>Magnifique boite \u00e0 tatouage compl\u00e8te.<\/p>\n<p>Dimensions : 40 x 15 x 9 cm<br \/>\nOrigine: Birmanie<br \/>\n\u00c9poque : XXe<br \/>\nPoids : 2520 g<\/p>\n<p>Il est exceptionnellement rare de pouvoir trouver une Boite \u00e0 tatouage compl\u00e8te.<br \/>\nL\u2019histoire du tatouage de Birmanie est remplie de l\u00e9gendes, de mythes, mais aussi de pratiques qui ont longtemps \u00e9t\u00e9 jug\u00e9es absolument n\u00e9cessaires et qui malheureusement depuis quelques d\u00e9cennies tendent \u00e0 disparaitre.<br \/>\nLe tatouage traditionnel birman Sak Yant import\u00e9 par la tribu chan (sud de la Chine) aux alentours de -2000 av. J \u0096C se retrouve au Laos, en Tha\u00eflande ou encore au Cambodge.<br \/>\nLe \u201cSak Yant\u201d, tatouage sacr\u00e9, est pr\u00e9sum\u00e9 apporter force et protection (mais aussi richesse, prosp\u00e9rit\u00e9, sant\u00e9, charme&#8230;). Par le pass\u00e9, il \u00e9tait r\u00e9serv\u00e9 exclusivement aux guerriers. Par la suite, il s\u2019est d\u00e9mocratis\u00e9 et s\u2019est r\u00e9pandu dans toute la soci\u00e9t\u00e9 tha\u00efe. Aujourd\u2019hui, il est devenu tr\u00e8s populaire parmi les voyageurs \u00e9trangers.<br \/>\nChez l&rsquo;homme, le tatouage birman constitue une grande marque de s\u00e9duction pour la gent f\u00e9minine et une autorit\u00e9 ou un rang hi\u00e9rarchique \u00e9lev\u00e9 pour les autres hommes.<br \/>\nSymboles religieux, pignons de pagode, chiffres, textes sacr\u00e9s, fleurs (de Lotus), animaux sauvages, oiseaux sont autant d&rsquo;illustrations qui se retrouvent dans l\u2019art du tatouage birman. Un Livre de tatouage birman rassemble les Sept divinit\u00e9s tut\u00e9laires de l&rsquo;astrologie.<\/p>\n<p>&nbsp;<\/p>\n<p>Beautiful tattoo box complete.<\/p>\n<p>Dimensions: 40 x 15 x 9 cm<br \/>\nOrigin: Burma<br \/>\nTime: Twentieth<br \/>\nWeight: 2520 g<\/p>\n<p>It is exceptionally rare to be able to find a complete tattoo box.<br \/>\nThe history of the tattoo of Burma is full of legends, myths, but also practices that have long been considered absolutely necessary and which unfortunately for some decades tend to disappear.<br \/>\nThe traditional Burmese tattoo Sak Yant imported by the Chan tribe (south of China) around -2000 BC. J -C is found in Laos, Thailand or Cambodia.<br \/>\nThe \u00ab\u00a0Sak Yant\u00a0\u00bb, sacred tattoo, is presumed to bring strength and protection (but also wealth, prosperity, health, charm &#8230;). In the past, it was reserved exclusively for warriors. Subsequently, he became democratic and spread throughout Thai society. Today, it has become very popular among foreign travelers.<br \/>\nIn humans, the Burmese tattoo is a great mark of seduction for women and a high authority or rank for other men.<br \/>\nReligious symbols, pagoda gables, figures, sacred texts, flowers (Lotus), wild animals, birds are all illustrations that are found in the art of Burmese tattoo. A Burmese tattoo book brings together the seven tutelary deities of astrology.<\/p>\n","protected":false},"excerpt":{"rendered":"<p>Magnifique boite \u00e0 tatouage de Birmanie. Boite compl\u00e8te avec tout les \u00e9l\u00e9ments d&rsquo;origine.<\/p>\n<p>&nbsp;<\/p>\n","protected":false},"featured_media":756,"comment_status":"open","ping_status":"closed","template":"","meta":[],"product_brand":[],"product_cat":[57,38,40,44],"product_tag":[],"class_list":{"0":"post-755","1":"product","2":"type-product","3":"status-publish","4":"has-post-thumbnail","6":"product_cat-birmanie","7":"product_cat-pays","8":"product_cat-spiritualite","9":"product_cat-objets","11":"first","12":"instock","13":"taxable","14":"shipping-taxable","15":"purchasable","16":"product-type-simple"},"jetpack_sharing_enabled":true,"jetpack-related-posts":[{"id":804,"url":"https:\/\/www.cheminsdorient.com\/index.php\/produit\/coiffe-traditionnelle-de-malaisie\/","url_meta":{"origin":755,"position":0},"title":"Coiffe traditionnelle de Malaisie","author":"Benmaud","date":"17 janvier 2019","format":false,"excerpt":"Tr\u00e8s belle coiffe traditionnelle de Orang Ulu en Malaisie","rel":"","context":"Article similaire","block_context":{"text":"Article similaire","link":""},"img":{"alt_text":"","src":"https:\/\/i0.wp.com\/www.cheminsdorient.com\/wp-content\/uploads\/2019\/01\/DSCN2394_resultat.jpg?fit=600%2C776&ssl=1&resize=350%2C200","width":350,"height":200,"srcset":"https:\/\/i0.wp.com\/www.cheminsdorient.com\/wp-content\/uploads\/2019\/01\/DSCN2394_resultat.jpg?fit=600%2C776&ssl=1&resize=350%2C200 1x, https:\/\/i0.wp.com\/www.cheminsdorient.com\/wp-content\/uploads\/2019\/01\/DSCN2394_resultat.jpg?fit=600%2C776&ssl=1&resize=525%2C300 1.5x"},"classes":[]},{"id":784,"url":"https:\/\/www.cheminsdorient.com\/index.php\/produit\/peigne-ornemental-en-ecaille-de-tortue-indonesie\/","url_meta":{"origin":755,"position":1},"title":"Peigne ornemental en \u00e9caille de tortue  &#8211; Indon\u00e9sie","author":"Benmaud","date":"17 janvier 2019","format":false,"excerpt":"Peigne ornemental en \u00e9caille de tortue de l'\u00eele de Sumba en Indon\u00e9sie\u00a0","rel":"","context":"Article similaire","block_context":{"text":"Article similaire","link":""},"img":{"alt_text":"","src":"https:\/\/i0.wp.com\/www.cheminsdorient.com\/wp-content\/uploads\/2019\/01\/DSCN2379_resultat.jpg?fit=600%2C799&ssl=1&resize=350%2C200","width":350,"height":200,"srcset":"https:\/\/i0.wp.com\/www.cheminsdorient.com\/wp-content\/uploads\/2019\/01\/DSCN2379_resultat.jpg?fit=600%2C799&ssl=1&resize=350%2C200 1x, https:\/\/i0.wp.com\/www.cheminsdorient.com\/wp-content\/uploads\/2019\/01\/DSCN2379_resultat.jpg?fit=600%2C799&ssl=1&resize=525%2C300 1.5x"},"classes":[]},{"id":792,"url":"https:\/\/www.cheminsdorient.com\/index.php\/produit\/collier-de-ceremonie-papou\/","url_meta":{"origin":755,"position":2},"title":"COLLIER DE CEREMONIE PAPOU","author":"Benmaud","date":"17 janvier 2019","format":false,"excerpt":"Collier de c\u00e9r\u00e9monie papou avec t\u00eate de casoar","rel":"","context":"Article similaire","block_context":{"text":"Article similaire","link":""},"img":{"alt_text":"","src":"https:\/\/i0.wp.com\/www.cheminsdorient.com\/wp-content\/uploads\/2019\/01\/DSCN2385_resultat.jpg?fit=600%2C791&ssl=1&resize=350%2C200","width":350,"height":200,"srcset":"https:\/\/i0.wp.com\/www.cheminsdorient.com\/wp-content\/uploads\/2019\/01\/DSCN2385_resultat.jpg?fit=600%2C791&ssl=1&resize=350%2C200 1x, https:\/\/i0.wp.com\/www.cheminsdorient.com\/wp-content\/uploads\/2019\/01\/DSCN2385_resultat.jpg?fit=600%2C791&ssl=1&resize=525%2C300 1.5x"},"classes":[]},{"id":554,"url":"https:\/\/www.cheminsdorient.com\/index.php\/produit\/magnifique-krishna-bronze\/","url_meta":{"origin":755,"position":3},"title":"Magnifique Krishna en bronze","author":"Benmaud","date":"26 novembre 2017","format":false,"excerpt":"Magnifique Krishna en bronze","rel":"","context":"Article similaire","block_context":{"text":"Article similaire","link":""},"img":{"alt_text":"krishna","src":"https:\/\/i0.wp.com\/www.cheminsdorient.com\/wp-content\/uploads\/2017\/11\/MG_8845_1.jpg?fit=800%2C1200&ssl=1&resize=350%2C200","width":350,"height":200,"srcset":"https:\/\/i0.wp.com\/www.cheminsdorient.com\/wp-content\/uploads\/2017\/11\/MG_8845_1.jpg?fit=800%2C1200&ssl=1&resize=350%2C200 1x, https:\/\/i0.wp.com\/www.cheminsdorient.com\/wp-content\/uploads\/2017\/11\/MG_8845_1.jpg?fit=800%2C1200&ssl=1&resize=525%2C300 1.5x, https:\/\/i0.wp.com\/www.cheminsdorient.com\/wp-content\/uploads\/2017\/11\/MG_8845_1.jpg?fit=800%2C1200&ssl=1&resize=700%2C400 2x"},"classes":[]}],"jetpack_likes_enabled":true,"_links":{"self":[{"href":"https:\/\/www.cheminsdorient.com\/index.php\/wp-json\/wp\/v2\/product\/755","targetHints":{"allow":["GET"]}}],"collection":[{"href":"https:\/\/www.cheminsdorient.com\/index.php\/wp-json\/wp\/v2\/product"}],"about":[{"href":"https:\/\/www.cheminsdorient.com\/index.php\/wp-json\/wp\/v2\/types\/product"}],"replies":[{"embeddable":true,"href":"https:\/\/www.cheminsdorient.com\/index.php\/wp-json\/wp\/v2\/comments?post=755"}],"wp:featuredmedia":[{"embeddable":true,"href":"https:\/\/www.cheminsdorient.com\/index.php\/wp-json\/wp\/v2\/media\/756"}],"wp:attachment":[{"href":"https:\/\/www.cheminsdorient.com\/index.php\/wp-json\/wp\/v2\/media?parent=755"}],"wp:term":[{"taxonomy":"product_brand","embeddable":true,"href":"https:\/\/www.cheminsdorient.com\/index.php\/wp-json\/wp\/v2\/product_brand?post=755"},{"taxonomy":"product_cat","embeddable":true,"href":"https:\/\/www.cheminsdorient.com\/index.php\/wp-json\/wp\/v2\/product_cat?post=755"},{"taxonomy":"product_tag","embeddable":true,"href":"https:\/\/www.cheminsdorient.com\/index.php\/wp-json\/wp\/v2\/product_tag?post=755"}],"curies":[{"name":"wp","href":"https:\/\/api.w.org\/{rel}","templated":true}]}}