{"id":731,"date":"2019-01-15T14:40:10","date_gmt":"2019-01-15T13:40:10","guid":{"rendered":"https:\/\/www.cheminsdorient.com\/?post_type=product&#038;p=731"},"modified":"2019-01-15T14:40:11","modified_gmt":"2019-01-15T13:40:11","slug":"grand-shiva-en-bronze-sur-socle","status":"publish","type":"product","link":"https:\/\/www.cheminsdorient.com\/index.php\/produit\/grand-shiva-en-bronze-sur-socle\/","title":{"rendered":"Grand shiva en bronze sur socle"},"content":{"rendered":"<p>Tr\u00e8s belle repr\u00e9sentation de Shiva en bronze \u00e0 taille humaine.<br \/>\nDimensions : Hauteur : 1 m 71, largeur max : 87 cm, profondeur : 58 cm<br \/>\nOrigine: Indon\u00e9sie<br \/>\n\u00c9poque : XXe si\u00e8cles<br \/>\nMati\u00e8re : Bronze<br \/>\nPoids : environ 35 Kg<\/p>\n<p>Le dieu Shiva est le bienfaisant et est le plus v\u00e9n\u00e9r\u00e9 des dieux. C\u2019est le dieu de la fin des temps. Il organise le monde. Il est repr\u00e9sent\u00e9 avec les yeux mi-clos, il les ouvre lors de la cr\u00e9ation du monde et les ferme pour mettre fin \u00e0 l&rsquo;univers et amorcer un nouveau cycle. En sanskrit Shiva est souvent traduit par le bon et celui qui porte bonheur. Shiva est un personnage tr\u00e8s complexe et contradictoire. Car il repr\u00e9sente aussi la destruction mais celle-ci a pour seul but de recr\u00e9er un monde meilleur. Le monde tient en un \u00e9quilibre fragile entre les forces du bien et du mal, lorsque l\u2019\u00e9quilibre se rompt, Shiva dissous l\u2019univers afin d\u2019en cr\u00e9er un nouveau dans lequel les hommes pourront se lib\u00e9rer de l\u2019ali\u00e9nation du monde physique.<\/p>\n<p>&nbsp;<\/p>\n<p>Very beautiful representation of Shiva bronze on a human scale.<br \/>\nDimensions: Height: 1 m 71, max width: 87 cm, depth: 58 cm<br \/>\nOrigin: Indonesia<br \/>\nPeriod: 20th century<br \/>\nMaterial: Bronze<br \/>\nWeight: about 35 Kg<\/p>\n<p>The god Shiva is the beneficent and the most revered of the gods. He is the god of the end times. He organizes the world. He is represented with half-closed eyes, he opens them at the creation of the world and closes them to end the universe and start a new cycle. In Sanskrit Shiva is often translated by the good and the one who brings happiness. Shiva is a very complex and contradictory character. Because it also represents the destruction but this one has for only goal to recreate a better world. The world holds in a fragile balance between the forces of good and evil, when the equilibrium breaks, Shiva dissolves the universe to create a new one in which men can free themselves from the alienation of the physical world.<\/p>\n","protected":false},"excerpt":{"rendered":"<p>Magnifique Shiva a taille Humaine.\u00a0 Livraison sur devis uniquement.<\/p>\n<p>&nbsp;<\/p>\n","protected":false},"featured_media":742,"comment_status":"open","ping_status":"closed","template":"","meta":[],"product_brand":[],"product_cat":[34,45,38,42,40],"product_tag":[],"class_list":{"0":"post-731","1":"product","2":"type-product","3":"status-publish","4":"has-post-thumbnail","6":"product_cat-deco","7":"product_cat-statues","8":"product_cat-pays","9":"product_cat-indonesie","10":"product_cat-spiritualite","12":"first","13":"instock","14":"taxable","15":"shipping-taxable","16":"purchasable","17":"product-type-simple"},"jetpack_sharing_enabled":true,"jetpack-related-posts":[{"id":554,"url":"https:\/\/www.cheminsdorient.com\/index.php\/produit\/magnifique-krishna-bronze\/","url_meta":{"origin":731,"position":0},"title":"Magnifique Krishna en bronze","author":"Benmaud","date":"26 novembre 2017","format":false,"excerpt":"Magnifique Krishna en bronze","rel":"","context":"Article similaire","block_context":{"text":"Article similaire","link":""},"img":{"alt_text":"krishna","src":"https:\/\/i0.wp.com\/www.cheminsdorient.com\/wp-content\/uploads\/2017\/11\/MG_8845_1.jpg?fit=800%2C1200&ssl=1&resize=350%2C200","width":350,"height":200,"srcset":"https:\/\/i0.wp.com\/www.cheminsdorient.com\/wp-content\/uploads\/2017\/11\/MG_8845_1.jpg?fit=800%2C1200&ssl=1&resize=350%2C200 1x, https:\/\/i0.wp.com\/www.cheminsdorient.com\/wp-content\/uploads\/2017\/11\/MG_8845_1.jpg?fit=800%2C1200&ssl=1&resize=525%2C300 1.5x, https:\/\/i0.wp.com\/www.cheminsdorient.com\/wp-content\/uploads\/2017\/11\/MG_8845_1.jpg?fit=800%2C1200&ssl=1&resize=700%2C400 2x"},"classes":[]},{"id":804,"url":"https:\/\/www.cheminsdorient.com\/index.php\/produit\/coiffe-traditionnelle-de-malaisie\/","url_meta":{"origin":731,"position":1},"title":"Coiffe traditionnelle de Malaisie","author":"Benmaud","date":"17 janvier 2019","format":false,"excerpt":"Tr\u00e8s belle coiffe traditionnelle de Orang Ulu en Malaisie","rel":"","context":"Article similaire","block_context":{"text":"Article similaire","link":""},"img":{"alt_text":"","src":"https:\/\/i0.wp.com\/www.cheminsdorient.com\/wp-content\/uploads\/2019\/01\/DSCN2394_resultat.jpg?fit=600%2C776&ssl=1&resize=350%2C200","width":350,"height":200,"srcset":"https:\/\/i0.wp.com\/www.cheminsdorient.com\/wp-content\/uploads\/2019\/01\/DSCN2394_resultat.jpg?fit=600%2C776&ssl=1&resize=350%2C200 1x, https:\/\/i0.wp.com\/www.cheminsdorient.com\/wp-content\/uploads\/2019\/01\/DSCN2394_resultat.jpg?fit=600%2C776&ssl=1&resize=525%2C300 1.5x"},"classes":[]},{"id":792,"url":"https:\/\/www.cheminsdorient.com\/index.php\/produit\/collier-de-ceremonie-papou\/","url_meta":{"origin":731,"position":2},"title":"COLLIER DE CEREMONIE PAPOU","author":"Benmaud","date":"17 janvier 2019","format":false,"excerpt":"Collier de c\u00e9r\u00e9monie papou avec t\u00eate de casoar","rel":"","context":"Article similaire","block_context":{"text":"Article similaire","link":""},"img":{"alt_text":"","src":"https:\/\/i0.wp.com\/www.cheminsdorient.com\/wp-content\/uploads\/2019\/01\/DSCN2385_resultat.jpg?fit=600%2C791&ssl=1&resize=350%2C200","width":350,"height":200,"srcset":"https:\/\/i0.wp.com\/www.cheminsdorient.com\/wp-content\/uploads\/2019\/01\/DSCN2385_resultat.jpg?fit=600%2C791&ssl=1&resize=350%2C200 1x, https:\/\/i0.wp.com\/www.cheminsdorient.com\/wp-content\/uploads\/2019\/01\/DSCN2385_resultat.jpg?fit=600%2C791&ssl=1&resize=525%2C300 1.5x"},"classes":[]},{"id":784,"url":"https:\/\/www.cheminsdorient.com\/index.php\/produit\/peigne-ornemental-en-ecaille-de-tortue-indonesie\/","url_meta":{"origin":731,"position":3},"title":"Peigne ornemental en \u00e9caille de tortue  &#8211; Indon\u00e9sie","author":"Benmaud","date":"17 janvier 2019","format":false,"excerpt":"Peigne ornemental en \u00e9caille de tortue de l'\u00eele de Sumba en Indon\u00e9sie\u00a0","rel":"","context":"Article similaire","block_context":{"text":"Article similaire","link":""},"img":{"alt_text":"","src":"https:\/\/i0.wp.com\/www.cheminsdorient.com\/wp-content\/uploads\/2019\/01\/DSCN2379_resultat.jpg?fit=600%2C799&ssl=1&resize=350%2C200","width":350,"height":200,"srcset":"https:\/\/i0.wp.com\/www.cheminsdorient.com\/wp-content\/uploads\/2019\/01\/DSCN2379_resultat.jpg?fit=600%2C799&ssl=1&resize=350%2C200 1x, https:\/\/i0.wp.com\/www.cheminsdorient.com\/wp-content\/uploads\/2019\/01\/DSCN2379_resultat.jpg?fit=600%2C799&ssl=1&resize=525%2C300 1.5x"},"classes":[]},{"id":813,"url":"https:\/\/www.cheminsdorient.com\/index.php\/produit\/tete-de-cheval-sculptee-en-bois-du-timor\/","url_meta":{"origin":731,"position":4},"title":"T\u00eate de cheval sculpt\u00e9e en bois du Timor","author":"Benmaud","date":"17 janvier 2019","format":false,"excerpt":"Art premier du timor. Tr\u00e8s belle t\u00eate de cheval en bois.","rel":"","context":"Article similaire","block_context":{"text":"Article similaire","link":""},"img":{"alt_text":"","src":"https:\/\/i0.wp.com\/www.cheminsdorient.com\/wp-content\/uploads\/2019\/01\/cheval-en-bois-du-timor_7.jpg?fit=600%2C776&ssl=1&resize=350%2C200","width":350,"height":200,"srcset":"https:\/\/i0.wp.com\/www.cheminsdorient.com\/wp-content\/uploads\/2019\/01\/cheval-en-bois-du-timor_7.jpg?fit=600%2C776&ssl=1&resize=350%2C200 1x, https:\/\/i0.wp.com\/www.cheminsdorient.com\/wp-content\/uploads\/2019\/01\/cheval-en-bois-du-timor_7.jpg?fit=600%2C776&ssl=1&resize=525%2C300 1.5x"},"classes":[]}],"jetpack_likes_enabled":true,"_links":{"self":[{"href":"https:\/\/www.cheminsdorient.com\/index.php\/wp-json\/wp\/v2\/product\/731","targetHints":{"allow":["GET"]}}],"collection":[{"href":"https:\/\/www.cheminsdorient.com\/index.php\/wp-json\/wp\/v2\/product"}],"about":[{"href":"https:\/\/www.cheminsdorient.com\/index.php\/wp-json\/wp\/v2\/types\/product"}],"replies":[{"embeddable":true,"href":"https:\/\/www.cheminsdorient.com\/index.php\/wp-json\/wp\/v2\/comments?post=731"}],"wp:featuredmedia":[{"embeddable":true,"href":"https:\/\/www.cheminsdorient.com\/index.php\/wp-json\/wp\/v2\/media\/742"}],"wp:attachment":[{"href":"https:\/\/www.cheminsdorient.com\/index.php\/wp-json\/wp\/v2\/media?parent=731"}],"wp:term":[{"taxonomy":"product_brand","embeddable":true,"href":"https:\/\/www.cheminsdorient.com\/index.php\/wp-json\/wp\/v2\/product_brand?post=731"},{"taxonomy":"product_cat","embeddable":true,"href":"https:\/\/www.cheminsdorient.com\/index.php\/wp-json\/wp\/v2\/product_cat?post=731"},{"taxonomy":"product_tag","embeddable":true,"href":"https:\/\/www.cheminsdorient.com\/index.php\/wp-json\/wp\/v2\/product_tag?post=731"}],"curies":[{"name":"wp","href":"https:\/\/api.w.org\/{rel}","templated":true}]}}