{"id":703,"date":"2018-05-03T16:57:12","date_gmt":"2018-05-03T14:57:12","guid":{"rendered":"https:\/\/www.cheminsdorient.com\/?post_type=product&#038;p=703"},"modified":"2019-01-18T11:09:50","modified_gmt":"2019-01-18T10:09:50","slug":"statue-bronze-mahakala-tibet-xxe","status":"publish","type":"product","link":"https:\/\/www.cheminsdorient.com\/index.php\/produit\/statue-bronze-mahakala-tibet-xxe\/","title":{"rendered":"Statue en bronze Mahakala &#8211; Tibet &#8211; XXe"},"content":{"rendered":"<p><span color=\"#463d3b\" face=\"Arial\" style=\"color: #463d3b; font-family: Arial;\"><span>Statue en bronze- Mahakala- Tibet &#8211; XXe<\/span><\/span><\/p>\n<p><span color=\"#222222\" face=\"sans-serif\" style=\"color: #222222; font-family: sans-serif;\"><span>Mahakala est une d\u00e9it\u00e9 Dharmapala protectrice du dharma dans le bouddhisme vajray\u0101na (bouddhisme tib\u00e9tain et bouddhisme Shingon). Mahakala est aussi un des noms de Shiva dans l&rsquo;hindouisme<\/span><\/span><\/p>\n<p><span>Hauteur : 28 cm<\/span><\/p>\n<p>Largeur: 19 cm<\/p>\n<p>Profondeur : 10<\/p>\n<p>Poids 2638 gr<\/p>\n<p>Bronze<\/p>\n<p>Date : XXe<\/p>\n","protected":false},"excerpt":{"rendered":"<p><span color=\"#463d3b\" face=\"Arial\" style=\"color: #463d3b; font-family: Arial;\"><span>Statue en bronze- Mahakala- Tibet &#8211; XXe<\/span><\/span> \u00a0<\/p>\n","protected":false},"featured_media":651,"comment_status":"open","ping_status":"closed","template":"","meta":[],"product_brand":[],"product_cat":[56,34,45,38],"product_tag":[],"class_list":{"0":"post-703","1":"product","2":"type-product","3":"status-publish","4":"has-post-thumbnail","6":"product_cat-tibet","7":"product_cat-deco","8":"product_cat-statues","9":"product_cat-pays","11":"first","12":"outofstock","13":"taxable","14":"shipping-taxable","15":"purchasable","16":"product-type-simple"},"jetpack_sharing_enabled":true,"jetpack-related-posts":[{"id":554,"url":"https:\/\/www.cheminsdorient.com\/index.php\/produit\/magnifique-krishna-bronze\/","url_meta":{"origin":703,"position":0},"title":"Magnifique Krishna en bronze","author":"Benmaud","date":"26 novembre 2017","format":false,"excerpt":"Magnifique Krishna en bronze","rel":"","context":"Article similaire","block_context":{"text":"Article similaire","link":""},"img":{"alt_text":"krishna","src":"https:\/\/i0.wp.com\/www.cheminsdorient.com\/wp-content\/uploads\/2017\/11\/MG_8845_1.jpg?fit=800%2C1200&ssl=1&resize=350%2C200","width":350,"height":200,"srcset":"https:\/\/i0.wp.com\/www.cheminsdorient.com\/wp-content\/uploads\/2017\/11\/MG_8845_1.jpg?fit=800%2C1200&ssl=1&resize=350%2C200 1x, https:\/\/i0.wp.com\/www.cheminsdorient.com\/wp-content\/uploads\/2017\/11\/MG_8845_1.jpg?fit=800%2C1200&ssl=1&resize=525%2C300 1.5x, https:\/\/i0.wp.com\/www.cheminsdorient.com\/wp-content\/uploads\/2017\/11\/MG_8845_1.jpg?fit=800%2C1200&ssl=1&resize=700%2C400 2x"},"classes":[]},{"id":804,"url":"https:\/\/www.cheminsdorient.com\/index.php\/produit\/coiffe-traditionnelle-de-malaisie\/","url_meta":{"origin":703,"position":1},"title":"Coiffe traditionnelle de Malaisie","author":"Benmaud","date":"17 janvier 2019","format":false,"excerpt":"Tr\u00e8s belle coiffe traditionnelle de Orang Ulu en Malaisie","rel":"","context":"Article similaire","block_context":{"text":"Article similaire","link":""},"img":{"alt_text":"","src":"https:\/\/i0.wp.com\/www.cheminsdorient.com\/wp-content\/uploads\/2019\/01\/DSCN2394_resultat.jpg?fit=600%2C776&ssl=1&resize=350%2C200","width":350,"height":200,"srcset":"https:\/\/i0.wp.com\/www.cheminsdorient.com\/wp-content\/uploads\/2019\/01\/DSCN2394_resultat.jpg?fit=600%2C776&ssl=1&resize=350%2C200 1x, https:\/\/i0.wp.com\/www.cheminsdorient.com\/wp-content\/uploads\/2019\/01\/DSCN2394_resultat.jpg?fit=600%2C776&ssl=1&resize=525%2C300 1.5x"},"classes":[]},{"id":792,"url":"https:\/\/www.cheminsdorient.com\/index.php\/produit\/collier-de-ceremonie-papou\/","url_meta":{"origin":703,"position":2},"title":"COLLIER DE CEREMONIE PAPOU","author":"Benmaud","date":"17 janvier 2019","format":false,"excerpt":"Collier de c\u00e9r\u00e9monie papou avec t\u00eate de casoar","rel":"","context":"Article similaire","block_context":{"text":"Article similaire","link":""},"img":{"alt_text":"","src":"https:\/\/i0.wp.com\/www.cheminsdorient.com\/wp-content\/uploads\/2019\/01\/DSCN2385_resultat.jpg?fit=600%2C791&ssl=1&resize=350%2C200","width":350,"height":200,"srcset":"https:\/\/i0.wp.com\/www.cheminsdorient.com\/wp-content\/uploads\/2019\/01\/DSCN2385_resultat.jpg?fit=600%2C791&ssl=1&resize=350%2C200 1x, https:\/\/i0.wp.com\/www.cheminsdorient.com\/wp-content\/uploads\/2019\/01\/DSCN2385_resultat.jpg?fit=600%2C791&ssl=1&resize=525%2C300 1.5x"},"classes":[]},{"id":813,"url":"https:\/\/www.cheminsdorient.com\/index.php\/produit\/tete-de-cheval-sculptee-en-bois-du-timor\/","url_meta":{"origin":703,"position":3},"title":"T\u00eate de cheval sculpt\u00e9e en bois du Timor","author":"Benmaud","date":"17 janvier 2019","format":false,"excerpt":"Art premier du timor. Tr\u00e8s belle t\u00eate de cheval en bois.","rel":"","context":"Article similaire","block_context":{"text":"Article similaire","link":""},"img":{"alt_text":"","src":"https:\/\/i0.wp.com\/www.cheminsdorient.com\/wp-content\/uploads\/2019\/01\/cheval-en-bois-du-timor_7.jpg?fit=600%2C776&ssl=1&resize=350%2C200","width":350,"height":200,"srcset":"https:\/\/i0.wp.com\/www.cheminsdorient.com\/wp-content\/uploads\/2019\/01\/cheval-en-bois-du-timor_7.jpg?fit=600%2C776&ssl=1&resize=350%2C200 1x, https:\/\/i0.wp.com\/www.cheminsdorient.com\/wp-content\/uploads\/2019\/01\/cheval-en-bois-du-timor_7.jpg?fit=600%2C776&ssl=1&resize=525%2C300 1.5x"},"classes":[]},{"id":784,"url":"https:\/\/www.cheminsdorient.com\/index.php\/produit\/peigne-ornemental-en-ecaille-de-tortue-indonesie\/","url_meta":{"origin":703,"position":4},"title":"Peigne ornemental en \u00e9caille de tortue  &#8211; Indon\u00e9sie","author":"Benmaud","date":"17 janvier 2019","format":false,"excerpt":"Peigne ornemental en \u00e9caille de tortue de l'\u00eele de Sumba en Indon\u00e9sie\u00a0","rel":"","context":"Article similaire","block_context":{"text":"Article similaire","link":""},"img":{"alt_text":"","src":"https:\/\/i0.wp.com\/www.cheminsdorient.com\/wp-content\/uploads\/2019\/01\/DSCN2379_resultat.jpg?fit=600%2C799&ssl=1&resize=350%2C200","width":350,"height":200,"srcset":"https:\/\/i0.wp.com\/www.cheminsdorient.com\/wp-content\/uploads\/2019\/01\/DSCN2379_resultat.jpg?fit=600%2C799&ssl=1&resize=350%2C200 1x, https:\/\/i0.wp.com\/www.cheminsdorient.com\/wp-content\/uploads\/2019\/01\/DSCN2379_resultat.jpg?fit=600%2C799&ssl=1&resize=525%2C300 1.5x"},"classes":[]}],"jetpack_likes_enabled":true,"_links":{"self":[{"href":"https:\/\/www.cheminsdorient.com\/index.php\/wp-json\/wp\/v2\/product\/703","targetHints":{"allow":["GET"]}}],"collection":[{"href":"https:\/\/www.cheminsdorient.com\/index.php\/wp-json\/wp\/v2\/product"}],"about":[{"href":"https:\/\/www.cheminsdorient.com\/index.php\/wp-json\/wp\/v2\/types\/product"}],"replies":[{"embeddable":true,"href":"https:\/\/www.cheminsdorient.com\/index.php\/wp-json\/wp\/v2\/comments?post=703"}],"wp:featuredmedia":[{"embeddable":true,"href":"https:\/\/www.cheminsdorient.com\/index.php\/wp-json\/wp\/v2\/media\/651"}],"wp:attachment":[{"href":"https:\/\/www.cheminsdorient.com\/index.php\/wp-json\/wp\/v2\/media?parent=703"}],"wp:term":[{"taxonomy":"product_brand","embeddable":true,"href":"https:\/\/www.cheminsdorient.com\/index.php\/wp-json\/wp\/v2\/product_brand?post=703"},{"taxonomy":"product_cat","embeddable":true,"href":"https:\/\/www.cheminsdorient.com\/index.php\/wp-json\/wp\/v2\/product_cat?post=703"},{"taxonomy":"product_tag","embeddable":true,"href":"https:\/\/www.cheminsdorient.com\/index.php\/wp-json\/wp\/v2\/product_tag?post=703"}],"curies":[{"name":"wp","href":"https:\/\/api.w.org\/{rel}","templated":true}]}}