{"id":558,"date":"2017-11-26T17:21:08","date_gmt":"2017-11-26T16:21:08","guid":{"rendered":"https:\/\/www.cheminsdorient.com\/?post_type=product&#038;p=558"},"modified":"2018-02-13T10:56:45","modified_gmt":"2018-02-13T09:56:45","slug":"shiva-nataraja-bronze-xxe-siecle-indonesie","status":"publish","type":"product","link":"https:\/\/www.cheminsdorient.com\/index.php\/produit\/shiva-nataraja-bronze-xxe-siecle-indonesie\/","title":{"rendered":"Shiva Nataraja en bronze &#8211; XXe si\u00e8cle &#8211; Indon\u00e9sie"},"content":{"rendered":"<p><span size=\"5\" style=\"font-size: x-large;\">Magnifique Shiva Nataraja en Bronze<\/span><\/p>\n<p><span face=\"Arial\" style=\"font-family: Arial;\"><span>Une forme particuli\u00e8re de repr\u00e9sentation de Shiva est\u00a0<\/span><i><a href=\"https:\/\/fr.wikipedia.org\/wiki\/Na%E1%B9%ADar%C4%81ja\" class=\"mw-redirect\" title=\"Na\u1e6dar\u0101ja\"><span color=\"#202020\" style=\"color: #202020;\">Na\u1e6dar\u0101ja<\/span><\/a><\/i><span><span color=\"#202020\" style=\"color: #202020;\">\u00a0(<\/span><\/span><i>le danseur cosmique<\/i><span>,\u00a0<\/span><i>seigneur de la danse<\/i><span>, de\u00a0<\/span><i>na\u1e6da)<\/i><span>\u00a0Il est le plus souvent inscrit dans un cercle de flammes (<\/span><i>prabh\u0101ma\u1e47\u1e0dala<\/i><span>) qui repr\u00e9sente la succession des cycles cosmiques.\u00a0<\/span><\/span><\/p>\n<p class=\"card-title\"><span face=\"Arial\" color=\"#202020\" style=\"color: #202020; font-family: Arial;\">Shiva dansant repr\u00e9sente l&rsquo;\u00e2me universelle et \u00e9ternelle irradiant toute l&rsquo;\u00e9nergie<span>\u00a0<\/span><span>\u00a0notamment par le symbole du feu destructeur et cr\u00e9ateur. Cette danse continue engendre la succession des jours et des nuits, le cycle des saisons et celui de la naissance et de la mort. \u00c0 terme, son \u00e9nergie provoquera la destruction de l&rsquo;univers, puis le fera rena\u00eetre. Cette danse de cr\u00e9ation du monde symbolise le processus \u00e9ternel.<\/span><\/span><\/p>\n<p>Hauteur : 70 cm<\/p>\n<p>Largeur : 48 cm<\/p>\n<p>Provenance : Indon\u00e9sie<\/p>\n<p>P\u00e9riode : Fin XXe<\/p>\n<p><em>Tous nos objets sont directement chin\u00e9s sur place lors de nos voyages. \u00a0<\/em><\/p>\n<p><em>Credit photo : Alphonse Bernard Seny<\/em><\/p>\n","protected":false},"excerpt":{"rendered":"<p>Shiva Nataraja en bronze &#8211; XXe si\u00e8cle &#8211; Indon\u00e9sie<\/p>\n","protected":false},"featured_media":559,"comment_status":"open","ping_status":"closed","template":"","meta":[],"product_brand":[],"product_cat":[34,45,42,40],"product_tag":[],"class_list":{"0":"post-558","1":"product","2":"type-product","3":"status-publish","4":"has-post-thumbnail","6":"product_cat-deco","7":"product_cat-statues","8":"product_cat-indonesie","9":"product_cat-spiritualite","11":"first","12":"outofstock","13":"taxable","14":"shipping-taxable","15":"purchasable","16":"product-type-simple"},"jetpack_sharing_enabled":true,"jetpack-related-posts":[{"id":554,"url":"https:\/\/www.cheminsdorient.com\/index.php\/produit\/magnifique-krishna-bronze\/","url_meta":{"origin":558,"position":0},"title":"Magnifique Krishna en bronze","author":"Benmaud","date":"26 novembre 2017","format":false,"excerpt":"Magnifique Krishna en bronze","rel":"","context":"Article similaire","block_context":{"text":"Article similaire","link":""},"img":{"alt_text":"krishna","src":"https:\/\/i0.wp.com\/www.cheminsdorient.com\/wp-content\/uploads\/2017\/11\/MG_8845_1.jpg?fit=800%2C1200&ssl=1&resize=350%2C200","width":350,"height":200,"srcset":"https:\/\/i0.wp.com\/www.cheminsdorient.com\/wp-content\/uploads\/2017\/11\/MG_8845_1.jpg?fit=800%2C1200&ssl=1&resize=350%2C200 1x, https:\/\/i0.wp.com\/www.cheminsdorient.com\/wp-content\/uploads\/2017\/11\/MG_8845_1.jpg?fit=800%2C1200&ssl=1&resize=525%2C300 1.5x, https:\/\/i0.wp.com\/www.cheminsdorient.com\/wp-content\/uploads\/2017\/11\/MG_8845_1.jpg?fit=800%2C1200&ssl=1&resize=700%2C400 2x"},"classes":[]},{"id":804,"url":"https:\/\/www.cheminsdorient.com\/index.php\/produit\/coiffe-traditionnelle-de-malaisie\/","url_meta":{"origin":558,"position":1},"title":"Coiffe traditionnelle de Malaisie","author":"Benmaud","date":"17 janvier 2019","format":false,"excerpt":"Tr\u00e8s belle coiffe traditionnelle de Orang Ulu en Malaisie","rel":"","context":"Article similaire","block_context":{"text":"Article similaire","link":""},"img":{"alt_text":"","src":"https:\/\/i0.wp.com\/www.cheminsdorient.com\/wp-content\/uploads\/2019\/01\/DSCN2394_resultat.jpg?fit=600%2C776&ssl=1&resize=350%2C200","width":350,"height":200,"srcset":"https:\/\/i0.wp.com\/www.cheminsdorient.com\/wp-content\/uploads\/2019\/01\/DSCN2394_resultat.jpg?fit=600%2C776&ssl=1&resize=350%2C200 1x, https:\/\/i0.wp.com\/www.cheminsdorient.com\/wp-content\/uploads\/2019\/01\/DSCN2394_resultat.jpg?fit=600%2C776&ssl=1&resize=525%2C300 1.5x"},"classes":[]},{"id":784,"url":"https:\/\/www.cheminsdorient.com\/index.php\/produit\/peigne-ornemental-en-ecaille-de-tortue-indonesie\/","url_meta":{"origin":558,"position":2},"title":"Peigne ornemental en \u00e9caille de tortue  &#8211; Indon\u00e9sie","author":"Benmaud","date":"17 janvier 2019","format":false,"excerpt":"Peigne ornemental en \u00e9caille de tortue de l'\u00eele de Sumba en Indon\u00e9sie\u00a0","rel":"","context":"Article similaire","block_context":{"text":"Article similaire","link":""},"img":{"alt_text":"","src":"https:\/\/i0.wp.com\/www.cheminsdorient.com\/wp-content\/uploads\/2019\/01\/DSCN2379_resultat.jpg?fit=600%2C799&ssl=1&resize=350%2C200","width":350,"height":200,"srcset":"https:\/\/i0.wp.com\/www.cheminsdorient.com\/wp-content\/uploads\/2019\/01\/DSCN2379_resultat.jpg?fit=600%2C799&ssl=1&resize=350%2C200 1x, https:\/\/i0.wp.com\/www.cheminsdorient.com\/wp-content\/uploads\/2019\/01\/DSCN2379_resultat.jpg?fit=600%2C799&ssl=1&resize=525%2C300 1.5x"},"classes":[]},{"id":792,"url":"https:\/\/www.cheminsdorient.com\/index.php\/produit\/collier-de-ceremonie-papou\/","url_meta":{"origin":558,"position":3},"title":"COLLIER DE CEREMONIE PAPOU","author":"Benmaud","date":"17 janvier 2019","format":false,"excerpt":"Collier de c\u00e9r\u00e9monie papou avec t\u00eate de casoar","rel":"","context":"Article similaire","block_context":{"text":"Article similaire","link":""},"img":{"alt_text":"","src":"https:\/\/i0.wp.com\/www.cheminsdorient.com\/wp-content\/uploads\/2019\/01\/DSCN2385_resultat.jpg?fit=600%2C791&ssl=1&resize=350%2C200","width":350,"height":200,"srcset":"https:\/\/i0.wp.com\/www.cheminsdorient.com\/wp-content\/uploads\/2019\/01\/DSCN2385_resultat.jpg?fit=600%2C791&ssl=1&resize=350%2C200 1x, https:\/\/i0.wp.com\/www.cheminsdorient.com\/wp-content\/uploads\/2019\/01\/DSCN2385_resultat.jpg?fit=600%2C791&ssl=1&resize=525%2C300 1.5x"},"classes":[]},{"id":813,"url":"https:\/\/www.cheminsdorient.com\/index.php\/produit\/tete-de-cheval-sculptee-en-bois-du-timor\/","url_meta":{"origin":558,"position":4},"title":"T\u00eate de cheval sculpt\u00e9e en bois du Timor","author":"Benmaud","date":"17 janvier 2019","format":false,"excerpt":"Art premier du timor. Tr\u00e8s belle t\u00eate de cheval en bois.","rel":"","context":"Article similaire","block_context":{"text":"Article similaire","link":""},"img":{"alt_text":"","src":"https:\/\/i0.wp.com\/www.cheminsdorient.com\/wp-content\/uploads\/2019\/01\/cheval-en-bois-du-timor_7.jpg?fit=600%2C776&ssl=1&resize=350%2C200","width":350,"height":200,"srcset":"https:\/\/i0.wp.com\/www.cheminsdorient.com\/wp-content\/uploads\/2019\/01\/cheval-en-bois-du-timor_7.jpg?fit=600%2C776&ssl=1&resize=350%2C200 1x, https:\/\/i0.wp.com\/www.cheminsdorient.com\/wp-content\/uploads\/2019\/01\/cheval-en-bois-du-timor_7.jpg?fit=600%2C776&ssl=1&resize=525%2C300 1.5x"},"classes":[]}],"jetpack_likes_enabled":true,"_links":{"self":[{"href":"https:\/\/www.cheminsdorient.com\/index.php\/wp-json\/wp\/v2\/product\/558","targetHints":{"allow":["GET"]}}],"collection":[{"href":"https:\/\/www.cheminsdorient.com\/index.php\/wp-json\/wp\/v2\/product"}],"about":[{"href":"https:\/\/www.cheminsdorient.com\/index.php\/wp-json\/wp\/v2\/types\/product"}],"replies":[{"embeddable":true,"href":"https:\/\/www.cheminsdorient.com\/index.php\/wp-json\/wp\/v2\/comments?post=558"}],"wp:featuredmedia":[{"embeddable":true,"href":"https:\/\/www.cheminsdorient.com\/index.php\/wp-json\/wp\/v2\/media\/559"}],"wp:attachment":[{"href":"https:\/\/www.cheminsdorient.com\/index.php\/wp-json\/wp\/v2\/media?parent=558"}],"wp:term":[{"taxonomy":"product_brand","embeddable":true,"href":"https:\/\/www.cheminsdorient.com\/index.php\/wp-json\/wp\/v2\/product_brand?post=558"},{"taxonomy":"product_cat","embeddable":true,"href":"https:\/\/www.cheminsdorient.com\/index.php\/wp-json\/wp\/v2\/product_cat?post=558"},{"taxonomy":"product_tag","embeddable":true,"href":"https:\/\/www.cheminsdorient.com\/index.php\/wp-json\/wp\/v2\/product_tag?post=558"}],"curies":[{"name":"wp","href":"https:\/\/api.w.org\/{rel}","templated":true}]}}