{"id":554,"date":"2017-11-26T16:05:48","date_gmt":"2017-11-26T15:05:48","guid":{"rendered":"https:\/\/www.cheminsdorient.com\/?post_type=product&#038;p=554"},"modified":"2026-04-22T11:17:19","modified_gmt":"2026-04-22T09:17:19","slug":"magnifique-krishna-bronze","status":"publish","type":"product","link":"https:\/\/www.cheminsdorient.com\/index.php\/produit\/magnifique-krishna-bronze\/","title":{"rendered":"Magnifique Krishna en bronze"},"content":{"rendered":"<p><span color=\"#202020\" style=\"color: #202020;\"><b>Krishna<\/b><span>\u00a0<\/span><span>\u00a0est une divinit\u00e9 centrale de l&rsquo;<\/span><a href=\"https:\/\/fr.wikipedia.org\/wiki\/Hindouisme\" title=\"Hindouisme\">hindouisme<\/a><span>. Dans la plupart des traditions hindoues, il est le huiti\u00e8me\u00a0<\/span><a href=\"https:\/\/fr.wikipedia.org\/wiki\/Avatar_(hindouisme)\" title=\"Avatar (hindouisme)\">avatar<\/a><span>\u00a0(incarnation) de\u00a0<\/span><a href=\"https:\/\/fr.wikipedia.org\/wiki\/Vishnou\" title=\"Vishnou\">Vishnou<\/a><span>. Pour les tenants du\u00a0<\/span><a href=\"https:\/\/fr.wikipedia.org\/wiki\/Gaudiya_Vaishnavisme\" class=\"mw-redirect\" title=\"Gaudiya Vaishnavisme\">Gaudiya Vaishnavisme<\/a><span>, il repr\u00e9sente la divinit\u00e9 supr\u00eame \u00e0 l&rsquo;origine de toutes les autres. Krishna est la divinit\u00e9 la plus v\u00e9n\u00e9r\u00e9e de l&rsquo;<\/span><a href=\"https:\/\/fr.wikipedia.org\/wiki\/Inde\" title=\"Inde\">Inde<\/a><span>\u00a0\u00e0 l&rsquo;origine de nombreuses\u00a0<\/span><a href=\"https:\/\/fr.wikipedia.org\/w\/index.php?title=Sampradaya&amp;action=edit&amp;redlink=1\" class=\"new\" title=\"Sampradaya (page inexistante)\">sampradaya<\/a><span>\u00a0(traditions)\u00a0<\/span><a href=\"https:\/\/fr.wikipedia.org\/wiki\/Bhakti\" title=\"Bhakti\">bhakta<\/a><span>\u00a0(d\u00e9votionnelles) d\u00e9di\u00e9es \u00e0 son adoration.<\/span><\/span><\/p>\n<p>Hauteur : 90 cm<\/p>\n<p>Largeur: 46 cm<\/p>\n<p>Date : XXe si\u00e8cle<\/p>\n<p><em>Tous nos objets sont directement chin\u00e9s sur place lors de nos voyages. \u00a0<\/em><\/p>\n<p><span color=\"#463d3b\" face=\"Arial\" style=\"color: #463d3b; font-family: Arial;\"><span><i>Cr\u00e9dit\u00a0<\/i><\/span><\/span><em>photo : Alphonse Bernard Seny<\/em><\/p>\n","protected":false},"excerpt":{"rendered":"<p><span>Magnifique Krishna en bronze<\/span><\/p>\n","protected":false},"featured_media":557,"comment_status":"open","ping_status":"closed","template":"","meta":[],"product_brand":[],"product_cat":[34,45,38,42,40],"product_tag":[],"class_list":{"0":"post-554","1":"product","2":"type-product","3":"status-publish","4":"has-post-thumbnail","6":"product_cat-deco","7":"product_cat-statues","8":"product_cat-pays","9":"product_cat-indonesie","10":"product_cat-spiritualite","12":"first","13":"outofstock","14":"taxable","15":"shipping-taxable","16":"purchasable","17":"product-type-simple"},"jetpack_sharing_enabled":true,"jetpack-related-posts":[{"id":804,"url":"https:\/\/www.cheminsdorient.com\/index.php\/produit\/coiffe-traditionnelle-de-malaisie\/","url_meta":{"origin":554,"position":0},"title":"Coiffe traditionnelle de Malaisie","author":"Benmaud","date":"17 janvier 2019","format":false,"excerpt":"Tr\u00e8s belle coiffe traditionnelle de Orang Ulu en Malaisie","rel":"","context":"Article similaire","block_context":{"text":"Article similaire","link":""},"img":{"alt_text":"","src":"https:\/\/i0.wp.com\/www.cheminsdorient.com\/wp-content\/uploads\/2019\/01\/DSCN2394_resultat.jpg?fit=600%2C776&ssl=1&resize=350%2C200","width":350,"height":200,"srcset":"https:\/\/i0.wp.com\/www.cheminsdorient.com\/wp-content\/uploads\/2019\/01\/DSCN2394_resultat.jpg?fit=600%2C776&ssl=1&resize=350%2C200 1x, https:\/\/i0.wp.com\/www.cheminsdorient.com\/wp-content\/uploads\/2019\/01\/DSCN2394_resultat.jpg?fit=600%2C776&ssl=1&resize=525%2C300 1.5x"},"classes":[]},{"id":784,"url":"https:\/\/www.cheminsdorient.com\/index.php\/produit\/peigne-ornemental-en-ecaille-de-tortue-indonesie\/","url_meta":{"origin":554,"position":1},"title":"Peigne ornemental en \u00e9caille de tortue  &#8211; Indon\u00e9sie","author":"Benmaud","date":"17 janvier 2019","format":false,"excerpt":"Peigne ornemental en \u00e9caille de tortue de l'\u00eele de Sumba en Indon\u00e9sie\u00a0","rel":"","context":"Article similaire","block_context":{"text":"Article similaire","link":""},"img":{"alt_text":"","src":"https:\/\/i0.wp.com\/www.cheminsdorient.com\/wp-content\/uploads\/2019\/01\/DSCN2379_resultat.jpg?fit=600%2C799&ssl=1&resize=350%2C200","width":350,"height":200,"srcset":"https:\/\/i0.wp.com\/www.cheminsdorient.com\/wp-content\/uploads\/2019\/01\/DSCN2379_resultat.jpg?fit=600%2C799&ssl=1&resize=350%2C200 1x, https:\/\/i0.wp.com\/www.cheminsdorient.com\/wp-content\/uploads\/2019\/01\/DSCN2379_resultat.jpg?fit=600%2C799&ssl=1&resize=525%2C300 1.5x"},"classes":[]},{"id":792,"url":"https:\/\/www.cheminsdorient.com\/index.php\/produit\/collier-de-ceremonie-papou\/","url_meta":{"origin":554,"position":2},"title":"COLLIER DE CEREMONIE PAPOU","author":"Benmaud","date":"17 janvier 2019","format":false,"excerpt":"Collier de c\u00e9r\u00e9monie papou avec t\u00eate de casoar","rel":"","context":"Article similaire","block_context":{"text":"Article similaire","link":""},"img":{"alt_text":"","src":"https:\/\/i0.wp.com\/www.cheminsdorient.com\/wp-content\/uploads\/2019\/01\/DSCN2385_resultat.jpg?fit=600%2C791&ssl=1&resize=350%2C200","width":350,"height":200,"srcset":"https:\/\/i0.wp.com\/www.cheminsdorient.com\/wp-content\/uploads\/2019\/01\/DSCN2385_resultat.jpg?fit=600%2C791&ssl=1&resize=350%2C200 1x, https:\/\/i0.wp.com\/www.cheminsdorient.com\/wp-content\/uploads\/2019\/01\/DSCN2385_resultat.jpg?fit=600%2C791&ssl=1&resize=525%2C300 1.5x"},"classes":[]},{"id":813,"url":"https:\/\/www.cheminsdorient.com\/index.php\/produit\/tete-de-cheval-sculptee-en-bois-du-timor\/","url_meta":{"origin":554,"position":3},"title":"T\u00eate de cheval sculpt\u00e9e en bois du Timor","author":"Benmaud","date":"17 janvier 2019","format":false,"excerpt":"Art premier du timor. Tr\u00e8s belle t\u00eate de cheval en bois.","rel":"","context":"Article similaire","block_context":{"text":"Article similaire","link":""},"img":{"alt_text":"","src":"https:\/\/i0.wp.com\/www.cheminsdorient.com\/wp-content\/uploads\/2019\/01\/cheval-en-bois-du-timor_7.jpg?fit=600%2C776&ssl=1&resize=350%2C200","width":350,"height":200,"srcset":"https:\/\/i0.wp.com\/www.cheminsdorient.com\/wp-content\/uploads\/2019\/01\/cheval-en-bois-du-timor_7.jpg?fit=600%2C776&ssl=1&resize=350%2C200 1x, https:\/\/i0.wp.com\/www.cheminsdorient.com\/wp-content\/uploads\/2019\/01\/cheval-en-bois-du-timor_7.jpg?fit=600%2C776&ssl=1&resize=525%2C300 1.5x"},"classes":[]}],"jetpack_likes_enabled":true,"_links":{"self":[{"href":"https:\/\/www.cheminsdorient.com\/index.php\/wp-json\/wp\/v2\/product\/554","targetHints":{"allow":["GET"]}}],"collection":[{"href":"https:\/\/www.cheminsdorient.com\/index.php\/wp-json\/wp\/v2\/product"}],"about":[{"href":"https:\/\/www.cheminsdorient.com\/index.php\/wp-json\/wp\/v2\/types\/product"}],"replies":[{"embeddable":true,"href":"https:\/\/www.cheminsdorient.com\/index.php\/wp-json\/wp\/v2\/comments?post=554"}],"wp:featuredmedia":[{"embeddable":true,"href":"https:\/\/www.cheminsdorient.com\/index.php\/wp-json\/wp\/v2\/media\/557"}],"wp:attachment":[{"href":"https:\/\/www.cheminsdorient.com\/index.php\/wp-json\/wp\/v2\/media?parent=554"}],"wp:term":[{"taxonomy":"product_brand","embeddable":true,"href":"https:\/\/www.cheminsdorient.com\/index.php\/wp-json\/wp\/v2\/product_brand?post=554"},{"taxonomy":"product_cat","embeddable":true,"href":"https:\/\/www.cheminsdorient.com\/index.php\/wp-json\/wp\/v2\/product_cat?post=554"},{"taxonomy":"product_tag","embeddable":true,"href":"https:\/\/www.cheminsdorient.com\/index.php\/wp-json\/wp\/v2\/product_tag?post=554"}],"curies":[{"name":"wp","href":"https:\/\/api.w.org\/{rel}","templated":true}]}}