{"id":289,"date":"2017-07-14T11:55:30","date_gmt":"2017-07-14T09:55:30","guid":{"rendered":"http:\/\/www.cheminsdorient.com\/?page_id=289"},"modified":"2017-07-21T14:36:30","modified_gmt":"2017-07-21T12:36:30","slug":"livraison","status":"publish","type":"page","link":"https:\/\/www.cheminsdorient.com\/index.php\/livraison\/","title":{"rendered":"Livraison"},"content":{"rendered":"<h2>Exp\u00e9ditions et retours<\/h2>\n<h3>Exp\u00e9dition de votre colis<\/h3>\n<p>Les commandes sont pr\u00e9par\u00e9s dans un d\u00e9lai de 2\u00a0jours apr\u00e8s r\u00e9ception du paiement. Les envois sont effectu\u00e9s les jours suivant : Lundi, Mardi, jeudi et vendredi. Ils sont exp\u00e9di\u00e9s via le transporteur de notre choix poste en fonction de la taille et du poids de celui-ci, mondial relais, la poste,ups, france-express etc. Vous pouvez \u00e9galement retirer vos achat directement \u00e0 la boutique Chemins D&rsquo;orient &#8211; 92 avenue du G\u00e9n\u00e9ral de Galle &#8211; RN12 &#8211; 27130 Verneuil sur Avre. Quel que soit le mode de livraison choisi, nous vous envoyons un lien pour suivre votre colis en ligne. Pour les commandes volumineuse, le transporteur prendra contact avec vous pour convenir d&rsquo;un jour et horaire de livraison.<\/p>\n<p><strong>Les frais d&rsquo;exp\u00e9dition sont gratuit pour la France.<\/strong><\/p>\n<p>Pour les commandes ayant des frais de port factur\u00e9s (Europe et autre) :<\/p>\n<p>Les frais d&rsquo;exp\u00e9dition incluent les frais de pr\u00e9paration et d&#8217;emballage ainsi que les frais de port. Les frais de pr\u00e9paration sont fixes, tandis que les frais de transport varient selon le poids total du colis. Nous vous recommandons de regrouper tous vos articles dans une seule commande. Nous ne pouvons regrouper deux commandes plac\u00e9es s\u00e9par\u00e9ment et des frais d&rsquo;exp\u00e9dition s&rsquo;appliquent \u00e0 chacune d&rsquo;entre elles.<\/p>\n<p>Les dimensions des bo\u00eetes sont appropri\u00e9es et vos articles sont correctement prot\u00e9g\u00e9s. Une attention particuli\u00e8re est port\u00e9e aux objets fragiles.<\/p>\n<h3>Retours<\/h3>\n<p>Vous pouvez nous retourner tout produit ne vous donnant pas enti\u00e8rement satisfaction dans un d\u00e9lai de 14 (quatorze) jours calendaires \u00e0 compter de la r\u00e9ception du produit command\u00e9 sur notre site.<\/p>\n<p>Si vous avez d\u00e9cid\u00e9 de retourner un produit, vous devez le conserver dans son \u00e9tat d\u2019origine. Le produit doit nous \u00eatre retourn\u00e9 en parfait \u00e9tat. Avec le m\u00eame transporteur que la livraison.<\/p>\n<p>Par ailleurs, nous n\u2019accepterons pas les retours de produits endommag\u00e9s ou en cas de livraison non conforme \u00e0 la commande qui nous seraient notifi\u00e9s au-del\u00e0 d\u2019un d\u00e9lai raisonnable. Dans les cas de retour d\u2019un produit d\u00e9fectueux ou de livraison non conforme, nous vous proposerons d\u2019\u00e9changer le produit, de faire une nouvelle livraison conforme \u00e0 la commande ou d\u2019annuler votre commande.<\/p>\n","protected":false},"excerpt":{"rendered":"<p>Exp\u00e9ditions et retours Exp\u00e9dition de votre colis Les commandes sont pr\u00e9par\u00e9s dans un d\u00e9lai de 2\u00a0jours apr\u00e8s r\u00e9ception du paiement. Les envois sont effectu\u00e9s les jours suivant : Lundi, Mardi, jeudi et vendredi. Ils sont exp\u00e9di\u00e9s via le transporteur de notre choix poste en fonction de la taille et du [&hellip;]<\/p>\n","protected":false},"author":1,"featured_media":0,"parent":0,"menu_order":0,"comment_status":"closed","ping_status":"closed","template":"","meta":{"footnotes":""},"class_list":["post-289","page","type-page","status-publish","hentry"],"jetpack_sharing_enabled":true,"jetpack_shortlink":"https:\/\/wp.me\/P8QHrj-4F","jetpack-related-posts":[{"id":265,"url":"https:\/\/www.cheminsdorient.com\/","url_meta":{"origin":289,"position":0},"title":"Accueil","author":"Benmaud","date":"11 juillet 2017","format":false,"excerpt":"L'histoire de chemins d'orient Chez chemins d'orient, comme c'est souvent le cas dans le monde un peu \u00e0 part de la brocante, la passion est le pilier fondateur de cette aventure Vernolienne et familiale. Passion des voyages d'abord et des routines qu'ils bousculent. Une passion qui s'ancre ensuite - au\u2026","rel":"","context":"Article similaire","block_context":{"text":"Article similaire","link":""},"img":{"alt_text":"Yourte mongole traditionnelle chemins d'orient","src":"https:\/\/i0.wp.com\/www.cheminsdorient.com\/wp-content\/uploads\/2017\/06\/yourte-mongole-traditionnelle-chemins-dorient-225x300.jpg?resize=350%2C200","width":350,"height":200},"classes":[]},{"id":8,"url":"https:\/\/www.cheminsdorient.com\/index.php\/a-propos-de\/","url_meta":{"origin":289,"position":1},"title":"Qui sommes nous ?","author":"Benmaud","date":"11 juin 2017","format":false,"excerpt":"Une \u00e9quipe de choc chez chemins d'orient !!! J\u00e9r\u00f4me a voyag\u00e9 \u00e0 travers le monde plusieurs fois par an et Jean-Baptiste, sp\u00e9cialis\u00e9 sur la Mongolie, et l'importation des yourtes traditionnelles. Chacun notre tour, nous chinons et collections les objets dans chaque pays travers\u00e9s. Avec l'amour des cultures et des objets,\u2026","rel":"","context":"Article similaire","block_context":{"text":"Article similaire","link":""},"img":{"alt_text":"","src":"","width":0,"height":0},"classes":[]}],"jetpack_likes_enabled":true,"_links":{"self":[{"href":"https:\/\/www.cheminsdorient.com\/index.php\/wp-json\/wp\/v2\/pages\/289","targetHints":{"allow":["GET"]}}],"collection":[{"href":"https:\/\/www.cheminsdorient.com\/index.php\/wp-json\/wp\/v2\/pages"}],"about":[{"href":"https:\/\/www.cheminsdorient.com\/index.php\/wp-json\/wp\/v2\/types\/page"}],"author":[{"embeddable":true,"href":"https:\/\/www.cheminsdorient.com\/index.php\/wp-json\/wp\/v2\/users\/1"}],"replies":[{"embeddable":true,"href":"https:\/\/www.cheminsdorient.com\/index.php\/wp-json\/wp\/v2\/comments?post=289"}],"version-history":[{"count":3,"href":"https:\/\/www.cheminsdorient.com\/index.php\/wp-json\/wp\/v2\/pages\/289\/revisions"}],"predecessor-version":[{"id":362,"href":"https:\/\/www.cheminsdorient.com\/index.php\/wp-json\/wp\/v2\/pages\/289\/revisions\/362"}],"wp:attachment":[{"href":"https:\/\/www.cheminsdorient.com\/index.php\/wp-json\/wp\/v2\/media?parent=289"}],"curies":[{"name":"wp","href":"https:\/\/api.w.org\/{rel}","templated":true}]}}