{"id":265,"date":"2017-07-11T14:22:16","date_gmt":"2017-07-11T12:22:16","guid":{"rendered":"http:\/\/www.cheminsdorient.com\/index.php\/hestia-front\/"},"modified":"2025-11-24T12:08:27","modified_gmt":"2025-11-24T11:08:27","slug":"chemins-dorient","status":"publish","type":"page","link":"https:\/\/www.cheminsdorient.com\/","title":{"rendered":"Accueil"},"content":{"rendered":"<h3>L&rsquo;histoire de chemins d&rsquo;orient<\/h3>\n<p>Chez <strong>chemins d&rsquo;orient<\/strong>, comme c&rsquo;est souvent le cas dans le monde un peu \u00e0 part de la brocante, la passion est le pilier fondateur de cette aventure Vernolienne et familiale.<\/p>\n<p>Passion des voyages d&rsquo;abord et des routines qu&rsquo;ils bousculent. Une passion qui s&rsquo;ancre ensuite &#8211; au fil des ans &#8211; dans la d\u00e9couverte de l&rsquo;autre, de la richesse de sa culture et la force de ses diff\u00e9rences. Au final, une passion qui s&rsquo;affirme via une qu\u00eate de vie constamment renouvel\u00e9e par des rencontres fortuites. Des instants de partage, des sourires entendus et tous les souvenirs qu&rsquo;ils forgent.<\/p>\n<p>Surabaya, Delhi, Hano\u00ef, Oulan-Bator&#8230;toutes portent d\u00e9sormais la marque t\u00e9nue de nos p\u00e9riples annuels. Mongolie, N\u00e9pal, Tha\u00eflande, inde et Indon\u00e9sie sont notre autre maison.<\/p>\n<p>Chez <strong>chemins d&rsquo;orient<\/strong>, il n&rsquo;est nullement question de tourisme ou de carte postales : l&rsquo;immersion est compl\u00e8te, elle dure plusieurs mois&#8230;Chaque objet ramen\u00e9 par chemins d&rsquo;orient est le fruit consenti d&rsquo;un \u00e9change p\u00e9renne, g\u00e9n\u00e9reux et courtois. Sinc\u00e9rit\u00e9 et humilit\u00e9 sont des pi\u00e8ces ma\u00eetresses dans notre compr\u00e9hension de l&rsquo;artisanat local : elles valident nos choix.<\/p>\n<p>A votre tour, arpentez ces chemins d&rsquo;orient et voyez ou ils m\u00e8nent. A cette partie du globe d\u2019o\u00f9 le soleil s\u2019\u00e9veille, vers ces terres conqu\u00e9rantes qui grandissent l&rsquo;esprit.<\/p>\n<p>Ici, pas de porte : tout est grand ouvert ! Entrez et laissez le temps s\u2019arr\u00eater, l&rsquo;heure est au l\u00e2cher-prise&#8230;<\/p>\n<p>D\u00e9j\u00e0, l\u2019\u0153il se fait vagabond et les mains se questionnent, sous le regard complice d&rsquo;un bouddha sage et rieur. l\u00e0, un masque guerrier, primitif et altier semble se faire l&rsquo;\u00e9cho du courroux de Shiva. Tandis qu&rsquo;un peu plus loin une parure emprunte de rituels s\u00e9culaires revendique la qui\u00e9tude et la rude immensit\u00e9 de la steppe mongole.<\/p>\n<p><!--more--><\/p>\n<h3><strong>Chemins d&rsquo;orient<\/strong> et les yourtes mongoles.<\/h3>\n<p>Chemins d&rsquo;orient, C&rsquo;est aussi les yourtes mongoles traditionnelles. <a href=\"http:\/\/www.mongolyurt.fr\" target=\"_blank\" rel=\"noopener\">www.mongolyurt.fr. <\/a><\/p>\n<p>Nous importons plusieurs fois par an des yourtes traditionnelles mongoles, fabriqu\u00e9es depuis la steppe mongole. La yourte est un habitat unique ! Ou r\u00e8gnent des sentiments paisible et unique.\u00a0 Un endroit ou l&rsquo;on partage en toute simplicit\u00e9 un moment chamanique entre famille ou ami. Nos yourtes sont fabriqu\u00e9e artisanalement. Tous les bois sont taill\u00e9s \u00e0 la main et li\u00e9s ensuite par\u00a0 des liens en cuir de chameau. Les peintures sont r\u00e9alis\u00e9es par notre atelier \u00e0 Oulan-Bator. Vous pourrez choisir les couleurs que vous voulez.\u00a0 Les Cordes\u00a0 sont tress\u00e9es par les nomades et sont constitu\u00e9es \u00e0 100% par du crin de cheval.<\/p>\n<p>Nous proposons qu&rsquo;un seul type de yourte mongole, mais en plusieurs tailles diff\u00e9rentes. Mais nos yourtes mongoles traditionnelles sont de qualit\u00e9 sup\u00e9rieure et adapt\u00e9es aux climats temp\u00e9r\u00e9s. Vous pouvez visitez notre yourte d&rsquo;expo dans notre showroom <strong>chemins d&rsquo;orient \u00e0 Verneuil sur Avre<\/strong>. Nous sommes ouvert tous les jours sauf le mercredi et disponibles pour vous accueillir et r\u00e9pondre \u00e0 toutes vos questions autours la yourte.<\/p>\n<p>Nous fournissons en yourtes et en pi\u00e8ces d\u00e9tach\u00e9es de yourte Mongole les particuliers ainsi que les professionnels. Leader sur toute la France, nous apportons une dimension humaine et chaleureuse \u00e0 votre projet.<\/p>\n<div id=\"attachment_190\" style=\"width: 235px\" class=\"wp-caption aligncenter\"><img data-recalc-dims=\"1\" loading=\"lazy\" decoding=\"async\" aria-describedby=\"caption-attachment-190\" data-attachment-id=\"190\" data-permalink=\"https:\/\/www.cheminsdorient.com\/yourte-mongole-traditionnelle-chemins-dorient\/\" data-orig-file=\"https:\/\/i0.wp.com\/www.cheminsdorient.com\/wp-content\/uploads\/2017\/06\/yourte-mongole-traditionnelle-chemins-dorient.jpg?fit=720%2C960&amp;ssl=1\" data-orig-size=\"720,960\" data-comments-opened=\"1\" data-image-meta=\"{&quot;aperture&quot;:&quot;0&quot;,&quot;credit&quot;:&quot;&quot;,&quot;camera&quot;:&quot;&quot;,&quot;caption&quot;:&quot;&quot;,&quot;created_timestamp&quot;:&quot;0&quot;,&quot;copyright&quot;:&quot;&quot;,&quot;focal_length&quot;:&quot;0&quot;,&quot;iso&quot;:&quot;0&quot;,&quot;shutter_speed&quot;:&quot;0&quot;,&quot;title&quot;:&quot;&quot;,&quot;orientation&quot;:&quot;0&quot;}\" data-image-title=\"yourte mongole traditionnelle chemins d&amp;rsquo;orient\" data-image-description=\"&lt;p&gt;Peinture \u00e0 la main dans nos ateliers \u00e0 Oulan-Bator chemins d&amp;rsquo;orient&lt;\/p&gt;\n\" data-image-caption=\"&lt;p&gt;Yourte mongole chez chemins d&amp;rsquo;orient&lt;\/p&gt;\n\" data-medium-file=\"https:\/\/i0.wp.com\/www.cheminsdorient.com\/wp-content\/uploads\/2017\/06\/yourte-mongole-traditionnelle-chemins-dorient.jpg?fit=225%2C300&amp;ssl=1\" data-large-file=\"https:\/\/i0.wp.com\/www.cheminsdorient.com\/wp-content\/uploads\/2017\/06\/yourte-mongole-traditionnelle-chemins-dorient.jpg?fit=720%2C960&amp;ssl=1\" class=\"wp-image-190 size-medium\" src=\"https:\/\/i0.wp.com\/www.cheminsdorient.com\/wp-content\/uploads\/2017\/06\/yourte-mongole-traditionnelle-chemins-dorient-225x300.jpg?resize=225%2C300\" alt=\"Yourte mongole traditionnelle chemins d'orient\" width=\"225\" height=\"300\" scale=\"0\" srcset=\"https:\/\/i0.wp.com\/www.cheminsdorient.com\/wp-content\/uploads\/2017\/06\/yourte-mongole-traditionnelle-chemins-dorient.jpg?resize=225%2C300&amp;ssl=1 225w, https:\/\/i0.wp.com\/www.cheminsdorient.com\/wp-content\/uploads\/2017\/06\/yourte-mongole-traditionnelle-chemins-dorient.jpg?w=720&amp;ssl=1 720w\" sizes=\"auto, (max-width: 225px) 100vw, 225px\" \/><p id=\"caption-attachment-190\" class=\"wp-caption-text\">Yourte mongole chez Chemins d&rsquo;Orient<\/p><\/div>\n<h3>Que trouve-t-on chez Chemins d&rsquo;Orient ?<\/h3>\n<p>Chez chemins d&rsquo;orient, c&rsquo;est la caverne d&rsquo;Asie Baba ! Vous trouvez mille et un tr\u00e9sors venus d&rsquo;ailleurs. Des objets charg\u00e9s d&rsquo;authenticit\u00e9 et d&rsquo;histoire, des antiquit\u00e9s asiatiques que nous avons soigneusement s\u00e9lectionn\u00e9es lors de nos voyages \u00e0 travers l\u2019Asie.<\/p>\n<p>Des petits et des grands bronzes \u00e0 taille humaine, comme un Shiva \u00e0 plusieurs bras ou bien un grand Vishnou en bronze, accompagn\u00e9 de Tara, Parvati et Ganesh le dieu des commer\u00e7ants.<\/p>\n<p>De magnifiques\u00a0 sculptures en bois, des bouddhas aux diff\u00e9rentes positions, aux diff\u00e9rents mudr\u00e2. <span class=\"hitimportant\">Bouddha assis dans la position du lotus<\/span>. <span class=\"hitimportant\">Bouddha debout,\u00a0Bouddha couch\u00e9 etc.\u00a0<\/span><\/p>\n<p>Chemins d&rsquo;Orient importe aussi des meubles uniques, des tables basses en bois de bateau recycl\u00e9. Des meubles en bois brut et d\u00e9cor\u00e9s aux couleurs de Bali, des lits sculpt\u00e9s authentiques indon\u00e9siens, des chaises en m\u00e9tal qui \u00e9taient autrefois utilis\u00e9es par les petits restaurants de rue balinais.<\/p>\n<p>Plusieurs \u00e9l\u00e9ments d&rsquo;architecture d&rsquo;Inde, des portes splendides et majestueuses en bois de diff\u00e9rentes essences, des fen\u00eatres antiques patin\u00e9es par le temps.<\/p>\n<p>Des bols chantants tib\u00e9tains et n\u00e9palais aux 7 m\u00e9taux, avec un son pur et cristallin. Toute une s\u00e9rie de bols chantants du plus petit au plus grand achet\u00e9s au N\u00e9pal.<\/p>\n<p>Vous pourrez aussi trouver de l&rsquo;art tribal, Sumba, Timor. Des boites m\u00e9dicinales sculpt\u00e9es dans l&rsquo;os ou des tenues de guerrier papou uniques ! Des cr\u00e2nes d&rsquo;animaux sculpt\u00e9s, cr\u00e2ne de cheval, cr\u00e2ne de buffle, des objets de curiosit\u00e9 ou de taxidermie oc\u00e9anique comme les rostres d&rsquo;espadon.<\/p>\n<p>Nous avons une vitrine virtuelle ou vous pourrez chiner tranquillement depuis votre canap\u00e9 !<\/p>\n<p>A bient\u00f4t chez<strong> CHEMINS D&rsquo;ORIENT<\/strong> !<\/p>\n","protected":false},"excerpt":{"rendered":"<p>L&rsquo;histoire de chemins d&rsquo;orient Chez chemins d&rsquo;orient, comme c&rsquo;est souvent le cas dans le monde un peu \u00e0 part de la brocante, la passion est le pilier fondateur de cette aventure Vernolienne et familiale. Passion des voyages d&rsquo;abord et des routines qu&rsquo;ils bousculent. Une passion qui s&rsquo;ancre ensuite &#8211; au [&hellip;]<\/p>\n","protected":false},"author":1,"featured_media":0,"parent":0,"menu_order":0,"comment_status":"closed","ping_status":"closed","template":"","meta":{"footnotes":""},"class_list":["post-265","page","type-page","status-publish","hentry"],"jetpack_sharing_enabled":true,"jetpack_shortlink":"https:\/\/wp.me\/P8QHrj-4h","jetpack-related-posts":[{"id":8,"url":"https:\/\/www.cheminsdorient.com\/index.php\/a-propos-de\/","url_meta":{"origin":265,"position":0},"title":"Qui sommes nous ?","author":"Benmaud","date":"11 juin 2017","format":false,"excerpt":"Une \u00e9quipe de choc chez chemins d'orient !!! J\u00e9r\u00f4me a voyag\u00e9 \u00e0 travers le monde plusieurs fois par an et Jean-Baptiste, sp\u00e9cialis\u00e9 sur la Mongolie, et l'importation des yourtes traditionnelles. Chacun notre tour, nous chinons et collections les objets dans chaque pays travers\u00e9s. Avec l'amour des cultures et des objets,\u2026","rel":"","context":"Article similaire","block_context":{"text":"Article similaire","link":""},"img":{"alt_text":"","src":"","width":0,"height":0},"classes":[]}],"jetpack_likes_enabled":true,"_links":{"self":[{"href":"https:\/\/www.cheminsdorient.com\/index.php\/wp-json\/wp\/v2\/pages\/265","targetHints":{"allow":["GET"]}}],"collection":[{"href":"https:\/\/www.cheminsdorient.com\/index.php\/wp-json\/wp\/v2\/pages"}],"about":[{"href":"https:\/\/www.cheminsdorient.com\/index.php\/wp-json\/wp\/v2\/types\/page"}],"author":[{"embeddable":true,"href":"https:\/\/www.cheminsdorient.com\/index.php\/wp-json\/wp\/v2\/users\/1"}],"replies":[{"embeddable":true,"href":"https:\/\/www.cheminsdorient.com\/index.php\/wp-json\/wp\/v2\/comments?post=265"}],"version-history":[{"count":9,"href":"https:\/\/www.cheminsdorient.com\/index.php\/wp-json\/wp\/v2\/pages\/265\/revisions"}],"predecessor-version":[{"id":5361,"href":"https:\/\/www.cheminsdorient.com\/index.php\/wp-json\/wp\/v2\/pages\/265\/revisions\/5361"}],"wp:attachment":[{"href":"https:\/\/www.cheminsdorient.com\/index.php\/wp-json\/wp\/v2\/media?parent=265"}],"curies":[{"name":"wp","href":"https:\/\/api.w.org\/{rel}","templated":true}]}}